{"id":701,"date":"2017-06-12T07:27:55","date_gmt":"2017-06-12T07:27:55","guid":{"rendered":"https:\/\/yumecommerce.com\/?page_id=701"},"modified":"2019-02-06T11:39:14","modified_gmt":"2019-02-06T10:39:14","slug":"main-2","status":"publish","type":"page","link":"https:\/\/nct.sk\/","title":{"rendered":"NCT.sk"},"content":{"rendered":"<div class=\"wpb-content-wrapper\"><p>[vc_row][vc_column][vc_single_image image=&#8220;10080&#8243; img_size=&#8220;full&#8220; alignment=&#8220;center&#8220;][vc_row_inner][vc_column_inner width=&#8220;1\/2&#8243;][vc_column_text]<\/p>\n<h2>NCT 304:<\/h2>\n<ul>\n<li>rie\u0161enie od jednoduch\u00e9ho s\u00fastruhu a fr\u00e9zy a\u017e po viacos\u00e9 stroje<\/li>\n<li>Max. 8 kan\u00e1lov a 32 os\u00ed<\/li>\n<li>Otvoren\u00e1 komunik\u00e1cia Ethercat s pohonmi a perif\u00e9riami<\/li>\n<li>Vzdialen\u00e1 diagnostika<\/li>\n<li>Z\u00e1ruka 24\/36 mesiacov<\/li>\n<\/ul>\n<p>[\/vc_column_text][vc_column_text]<a href=\"https:\/\/www.nct.hu\/cnc_products\/controls\">https:\/\/www.nct.hu\/cnc_products\/controls<\/a><\/p>\n<p><a href=\"https:\/\/www.nct.hu\/cnc_products\">https:\/\/www.nct.hu\/cnc_products<\/a>[\/vc_column_text][\/vc_column_inner][vc_column_inner width=&#8220;1\/2&#8243;][vc_column_text]<strong>ZUNK s.r.o.<\/strong><br \/>\nTren\u010dianska 17<br \/>\nNov\u00e9 Mesto nad V\u00e1hom, 915 01<\/p>\n<p>Tel: +421-911-495-876<br \/>\nE-mail: zunk@zunk.sk<\/p>\n<p>I\u010cO: 47 145 293[\/vc_column_text][\/vc_column_inner][\/vc_row_inner][\/vc_column][\/vc_row]<\/p>\n<\/div>","protected":false},"excerpt":{"rendered":"<p>[vc_row][vc_column][vc_single_image image=&#8220;10080&#8243; img_size=&#8220;full&#8220; alignment=&#8220;center&#8220;][vc_row_inner][vc_column_inner width=&#8220;1\/2&#8243;][vc_column_text] NCT 304: rie\u0161enie od jednoduch\u00e9ho s\u00fastruhu a fr\u00e9zy a\u017e po viacos\u00e9 stroje Max. 8 kan\u00e1lov a 32 os\u00ed Otvoren\u00e1 komunik\u00e1cia Ethercat s pohonmi a perif\u00e9riami Vzdialen\u00e1 diagnostika Z\u00e1ruka 24\/36 mesiacov [\/vc_column_text][vc_column_text]https:\/\/www.nct.hu\/cnc_products\/controls https:\/\/www.nct.hu\/cnc_products[\/vc_column_text][\/vc_column_inner][vc_column_inner width=&#8220;1\/2&#8243;][vc_column_text]ZUNK s.r.o. Tren\u010dianska 17 Nov\u00e9 Mesto nad V\u00e1hom, 915 01 Tel: +421-911-495-876 E-mail: zunk@zunk.sk I\u010cO: 47 145 293[\/vc_column_text][\/vc_column_inner][\/vc_row_inner][\/vc_column][\/vc_row]<\/p>\n","protected":false},"author":1,"featured_media":0,"parent":0,"menu_order":0,"comment_status":"closed","ping_status":"closed","template":"template-homepage.php","meta":{"footnotes":""},"class_list":["post-701","page","type-page","status-publish","hentry"],"yoast_head":"<!-- This site is optimized with the Yoast SEO plugin v26.4 - https:\/\/yoast.com\/wordpress\/plugins\/seo\/ -->\n<title>NCT.sk<\/title>\n<meta name=\"description\" content=\"NCT 304 - rie\u0161enie od jednoduch\u00e9ho s\u00fastruhu a fr\u00e9zy a\u017e po viacos\u00e9 stroje.\" \/>\n<meta name=\"robots\" content=\"index, follow, max-snippet:-1, max-image-preview:large, max-video-preview:-1\" \/>\n<link rel=\"canonical\" href=\"https:\/\/nct.sk\/\" \/>\n<meta property=\"og:locale\" content=\"sk_SK\" \/>\n<meta property=\"og:type\" content=\"article\" \/>\n<meta property=\"og:title\" content=\"NCT.sk\" \/>\n<meta property=\"og:description\" content=\"NCT 304 - rie\u0161enie od jednoduch\u00e9ho s\u00fastruhu a fr\u00e9zy a\u017e po viacos\u00e9 stroje.\" \/>\n<meta property=\"og:url\" content=\"https:\/\/nct.sk\/\" \/>\n<meta property=\"og:site_name\" content=\"NCT.sk\" \/>\n<meta property=\"article:modified_time\" content=\"2019-02-06T10:39:14+00:00\" \/>\n<meta name=\"twitter:card\" content=\"summary_large_image\" \/>\n<meta name=\"twitter:label1\" content=\"Predpokladan\u00fd \u010das \u010d\u00edtania\" \/>\n\t<meta name=\"twitter:data1\" content=\"1 min\u00fata\" \/>\n<script type=\"application\/ld+json\" class=\"yoast-schema-graph\">{\"@context\":\"https:\/\/schema.org\",\"@graph\":[{\"@type\":\"WebPage\",\"@id\":\"https:\/\/nct.sk\/\",\"url\":\"https:\/\/nct.sk\/\",\"name\":\"NCT.sk\",\"isPartOf\":{\"@id\":\"https:\/\/nct.sk\/#website\"},\"datePublished\":\"2017-06-12T07:27:55+00:00\",\"dateModified\":\"2019-02-06T10:39:14+00:00\",\"description\":\"NCT 304 - rie\u0161enie od jednoduch\u00e9ho s\u00fastruhu a fr\u00e9zy a\u017e po viacos\u00e9 stroje.\",\"breadcrumb\":{\"@id\":\"https:\/\/nct.sk\/#breadcrumb\"},\"inLanguage\":\"sk-SK\",\"potentialAction\":[{\"@type\":\"ReadAction\",\"target\":[\"https:\/\/nct.sk\/\"]}]},{\"@type\":\"BreadcrumbList\",\"@id\":\"https:\/\/nct.sk\/#breadcrumb\",\"itemListElement\":[{\"@type\":\"ListItem\",\"position\":1,\"name\":\"Home\",\"item\":\"https:\/\/nct.sk\/\"},{\"@type\":\"ListItem\",\"position\":2,\"name\":\"NCT.sk\"}]},{\"@type\":\"WebSite\",\"@id\":\"https:\/\/nct.sk\/#website\",\"url\":\"https:\/\/nct.sk\/\",\"name\":\"NCT.sk\",\"description\":\"Len \u010fal\u0161ia WordPress str\u00e1nka\",\"potentialAction\":[{\"@type\":\"SearchAction\",\"target\":{\"@type\":\"EntryPoint\",\"urlTemplate\":\"https:\/\/nct.sk\/?s={search_term_string}\"},\"query-input\":{\"@type\":\"PropertyValueSpecification\",\"valueRequired\":true,\"valueName\":\"search_term_string\"}}],\"inLanguage\":\"sk-SK\"}]}<\/script>\n<!-- \/ Yoast SEO plugin. -->","yoast_head_json":{"title":"NCT.sk","description":"NCT 304 - rie\u0161enie od jednoduch\u00e9ho s\u00fastruhu a fr\u00e9zy a\u017e po viacos\u00e9 stroje.","robots":{"index":"index","follow":"follow","max-snippet":"max-snippet:-1","max-image-preview":"max-image-preview:large","max-video-preview":"max-video-preview:-1"},"canonical":"https:\/\/nct.sk\/","og_locale":"sk_SK","og_type":"article","og_title":"NCT.sk","og_description":"NCT 304 - rie\u0161enie od jednoduch\u00e9ho s\u00fastruhu a fr\u00e9zy a\u017e po viacos\u00e9 stroje.","og_url":"https:\/\/nct.sk\/","og_site_name":"NCT.sk","article_modified_time":"2019-02-06T10:39:14+00:00","twitter_card":"summary_large_image","twitter_misc":{"Predpokladan\u00fd \u010das \u010d\u00edtania":"1 min\u00fata"},"schema":{"@context":"https:\/\/schema.org","@graph":[{"@type":"WebPage","@id":"https:\/\/nct.sk\/","url":"https:\/\/nct.sk\/","name":"NCT.sk","isPartOf":{"@id":"https:\/\/nct.sk\/#website"},"datePublished":"2017-06-12T07:27:55+00:00","dateModified":"2019-02-06T10:39:14+00:00","description":"NCT 304 - rie\u0161enie od jednoduch\u00e9ho s\u00fastruhu a fr\u00e9zy a\u017e po viacos\u00e9 stroje.","breadcrumb":{"@id":"https:\/\/nct.sk\/#breadcrumb"},"inLanguage":"sk-SK","potentialAction":[{"@type":"ReadAction","target":["https:\/\/nct.sk\/"]}]},{"@type":"BreadcrumbList","@id":"https:\/\/nct.sk\/#breadcrumb","itemListElement":[{"@type":"ListItem","position":1,"name":"Home","item":"https:\/\/nct.sk\/"},{"@type":"ListItem","position":2,"name":"NCT.sk"}]},{"@type":"WebSite","@id":"https:\/\/nct.sk\/#website","url":"https:\/\/nct.sk\/","name":"NCT.sk","description":"Len \u010fal\u0161ia WordPress str\u00e1nka","potentialAction":[{"@type":"SearchAction","target":{"@type":"EntryPoint","urlTemplate":"https:\/\/nct.sk\/?s={search_term_string}"},"query-input":{"@type":"PropertyValueSpecification","valueRequired":true,"valueName":"search_term_string"}}],"inLanguage":"sk-SK"}]}},"_links":{"self":[{"href":"https:\/\/nct.sk\/index.php?rest_route=\/wp\/v2\/pages\/701","targetHints":{"allow":["GET"]}}],"collection":[{"href":"https:\/\/nct.sk\/index.php?rest_route=\/wp\/v2\/pages"}],"about":[{"href":"https:\/\/nct.sk\/index.php?rest_route=\/wp\/v2\/types\/page"}],"author":[{"embeddable":true,"href":"https:\/\/nct.sk\/index.php?rest_route=\/wp\/v2\/users\/1"}],"replies":[{"embeddable":true,"href":"https:\/\/nct.sk\/index.php?rest_route=%2Fwp%2Fv2%2Fcomments&post=701"}],"version-history":[{"count":3,"href":"https:\/\/nct.sk\/index.php?rest_route=\/wp\/v2\/pages\/701\/revisions"}],"predecessor-version":[{"id":10086,"href":"https:\/\/nct.sk\/index.php?rest_route=\/wp\/v2\/pages\/701\/revisions\/10086"}],"wp:attachment":[{"href":"https:\/\/nct.sk\/index.php?rest_route=%2Fwp%2Fv2%2Fmedia&parent=701"}],"curies":[{"name":"wp","href":"https:\/\/api.w.org\/{rel}","templated":true}]}}